{"id":16,"date":"2015-06-30T23:22:21","date_gmt":"2015-06-30T20:22:21","guid":{"rendered":"https:\/\/www.koppari.fi\/tamk\/?page_id=16"},"modified":"2020-12-01T00:58:48","modified_gmt":"2020-11-30T22:58:48","slug":"mika-askarruttaa","status":"publish","type":"page","link":"https:\/\/www.koppari.fi\/tamk\/mika-askarruttaa\/","title":{"rendered":"Mik\u00e4 askarruttaa"},"content":{"rendered":"<p class=\"p1\"><span class=\"s1\">Valitse tilannettasi kuvaavat esitiedot alasvetovalikoista ja ved\u00e4 ympyr\u00e4taulun keskelle pallot, joihin tarvitset apua. Saat suosituksen ja lyhyen kuvauksen palveluista, jotka Kopparin mielest\u00e4 sopivat parhaiten tilanteeseesi. Linkkien kautta l\u00f6yd\u00e4t lis\u00e4tietoa n\u00e4ist\u00e4 palveluista.<\/span><\/p>\n","protected":false},"excerpt":{"rendered":"<p>Valitse tilannettasi kuvaavat esitiedot alasvetovalikoista ja ved\u00e4 ympyr\u00e4taulun keskelle pallot, joihin tarvitset apua. Saat suosituksen ja lyhyen kuvauksen palveluista, jotka Kopparin mielest\u00e4 sopivat parhaiten tilanteeseesi. Linkkien kautta l\u00f6yd\u00e4t lis\u00e4tietoa n\u00e4ist\u00e4 palveluista.<\/p>\n","protected":false},"author":1,"featured_media":0,"parent":0,"menu_order":0,"comment_status":"open","ping_status":"open","template":"page-palvelut.php","meta":[],"acf":[],"_links":{"self":[{"href":"https:\/\/www.koppari.fi\/tamk\/wp-json\/wp\/v2\/pages\/16"}],"collection":[{"href":"https:\/\/www.koppari.fi\/tamk\/wp-json\/wp\/v2\/pages"}],"about":[{"href":"https:\/\/www.koppari.fi\/tamk\/wp-json\/wp\/v2\/types\/page"}],"author":[{"embeddable":true,"href":"https:\/\/www.koppari.fi\/tamk\/wp-json\/wp\/v2\/users\/1"}],"replies":[{"embeddable":true,"href":"https:\/\/www.koppari.fi\/tamk\/wp-json\/wp\/v2\/comments?post=16"}],"version-history":[{"count":9,"href":"https:\/\/www.koppari.fi\/tamk\/wp-json\/wp\/v2\/pages\/16\/revisions"}],"predecessor-version":[{"id":1150,"href":"https:\/\/www.koppari.fi\/tamk\/wp-json\/wp\/v2\/pages\/16\/revisions\/1150"}],"wp:attachment":[{"href":"https:\/\/www.koppari.fi\/tamk\/wp-json\/wp\/v2\/media?parent=16"}],"curies":[{"name":"wp","href":"https:\/\/api.w.org\/{rel}","templated":true}]}}